{"id":385,"date":"2022-04-07T12:20:37","date_gmt":"2022-04-07T10:20:37","guid":{"rendered":"https:\/\/compralocal.alaquas.org\/bonos2022\/?page_id=385"},"modified":"2026-02-10T17:14:30","modified_gmt":"2026-02-10T15:14:30","slug":"llistat","status":"publish","type":"page","link":"https:\/\/compralocal.alaquas.org\/bonos2022\/llistat\/","title":{"rendered":"Llistat"},"content":{"rendered":"<p>[et_pb_section fb_built=&#8221;1&#8243; admin_label=&#8221;Our Process&#8221; module_id=&#8221;clients&#8221; _builder_version=&#8221;4.17.0&#8243; background_color=&#8221;#ece9e4&#8243; background_enable_image=&#8221;off&#8221; background_size=&#8221;initial&#8221; custom_padding=&#8221;110px||48px|||&#8221; locked=&#8221;off&#8221; global_colors_info=&#8221;{}&#8221;][et_pb_row _builder_version=&#8221;4.16&#8243; background_color=&#8221;RGBA(255,255,255,0)&#8221; use_background_color_gradient=&#8221;on&#8221; background_color_gradient_direction=&#8221;90deg&#8221; background_color_gradient_stops=&#8221;rgba(255,255,255,0) 14%|#ffffff 14%&#8221; background_color_gradient_start=&#8221;rgba(255,255,255,0)&#8221; background_color_gradient_start_position=&#8221;14%&#8221; background_color_gradient_end=&#8221;#ffffff&#8221; background_color_gradient_end_position=&#8221;3%&#8221; custom_margin=&#8221;||50px||false|false&#8221; locked=&#8221;off&#8221; global_colors_info=&#8221;{}&#8221;][et_pb_column type=&#8221;4_4&#8243; _builder_version=&#8221;4.16&#8243; global_colors_info=&#8221;{}&#8221;][et_pb_text _builder_version=&#8221;4.25.1&#8243; text_font=&#8221;Lora||||||||&#8221; header_font_size=&#8221;60px&#8221; header_2_font=&#8221;Oswald||||||||&#8221; header_2_text_color=&#8221;#280400&#8243; header_2_font_size=&#8221;60px&#8221; header_2_line_height=&#8221;1.2em&#8221; custom_margin=&#8221;||-2px|||&#8221; header_font_size_tablet=&#8221;40px&#8221; header_font_size_phone=&#8221;28px&#8221; header_font_size_last_edited=&#8221;on|phone&#8221; header_2_font_size_tablet=&#8221;40px&#8221; header_2_font_size_phone=&#8221;28px&#8221; header_2_font_size_last_edited=&#8221;on|desktop&#8221; header_2_line_height_tablet=&#8221;1.4em&#8221; header_2_line_height_phone=&#8221;&#8221; header_2_line_height_last_edited=&#8221;on|phone&#8221; global_colors_info=&#8221;{}&#8221;]<\/p>\n<h1>Llistat de comer\u00e7os 2026<\/h1>\n<p>[\/et_pb_text][\/et_pb_column][\/et_pb_row][et_pb_row column_structure=&#8221;1_2,1_2&#8243; _builder_version=&#8221;4.16&#8243; _module_preset=&#8221;default&#8221; locked=&#8221;off&#8221; global_colors_info=&#8221;{}&#8221;][et_pb_column type=&#8221;1_2&#8243; _builder_version=&#8221;4.16&#8243; _module_preset=&#8221;default&#8221; global_colors_info=&#8221;{}&#8221;][et_pb_toggle title=&#8221;Alimentaci\u00f3&#8221; _builder_version=&#8221;4.27.4&#8243; _module_preset=&#8221;default&#8221; global_colors_info=&#8221;{}&#8221;]<\/p>\n<table width=\"688\">\n<tbody>\n<tr>\n<td width=\"353\"><strong>Nom comercial<\/strong><\/td>\n<td width=\"335\"><strong>Direcci\u00f3<\/strong><\/td>\n<\/tr>\n<tr>\n<td width=\"353\">CARNICER\u00cdA JOS\u00c9 CERVERA<\/td>\n<td width=\"335\">CAM\u00cd VELL DE TORRENT, 16<\/td>\n<\/tr>\n<tr>\n<td rowspan=\"2\" width=\"353\">CASA PLANES<\/td>\n<td width=\"335\">VICENT ANDR\u00c9S ESTELL\u00c9S, 21<\/td>\n<\/tr>\n<tr>\n<td width=\"335\">MIGUEL HERN\u00c1NDEZ, 8<\/td>\n<\/tr>\n<tr>\n<td width=\"353\">FRUTAS ORTEGA<\/td>\n<td width=\"335\">VICENT ANDR\u00c9S ESTELL\u00c9S, 13<\/td>\n<\/tr>\n<tr>\n<td width=\"353\">FRUTER\u00cdA EL CASTILLO<\/td>\n<td width=\"335\">PARE GUILLEM, 22<\/td>\n<\/tr>\n<tr>\n<td width=\"353\">JAMONES PEIR\u00d3<\/td>\n<td width=\"335\">C\/ COLON, 4<\/td>\n<\/tr>\n<tr>\n<td width=\"353\">L&#8217;HORTET FRUITES I VERDURES<\/td>\n<td width=\"335\">MAJOR, 59<\/td>\n<\/tr>\n<tr>\n<td width=\"353\">PIZZARIMA<\/td>\n<td width=\"335\">BONAVISTA, 8<\/td>\n<\/tr>\n<tr>\n<td width=\"353\">SABORES DE LA VID<\/td>\n<td width=\"335\">BLASCO IB\u00c1\u00d1EZ, 57<\/td>\n<\/tr>\n<tr>\n<td width=\"353\">ULTRAMARINOS VILLENA<\/td>\n<td width=\"335\">MIGUEL HERN\u00c1NDEZ, 14<\/td>\n<\/tr>\n<tr>\n<td>CHARCUTER\u00cdA ARACELI<\/td>\n<td>MERCADO MUNICIPAL ALAQU\u00c0S<\/td>\n<\/tr>\n<tr>\n<td>PESCADER\u00cdA LOLI Y JOSE<\/td>\n<td>MERCADO MUNICIPAL ALAQU\u00c0S<\/td>\n<\/tr>\n<tr>\n<td>CARNICER\u00cdA SABOR CRIOLLO<\/td>\n<td>MERCADO MUNICIPAL ALAQU\u00c0S<\/td>\n<\/tr>\n<tr>\n<td>CARNICER\u00cdA HORTENSIA<\/td>\n<td>DOCTOR BARBER\u00c0, 7<\/td>\n<\/tr>\n<tr>\n<td>CARNICER\u00cdA HORTENSIA<\/td>\n<td>CASTILLA, 26<\/td>\n<\/tr>\n<tr>\n<td>ABORDO CONGELADOS<\/td>\n<td>AVDA. PA\u00cdS VALENCI\u00c0, 7<\/td>\n<\/tr>\n<tr>\n<td>LEGUMBRES Y ESPECIAS LOLA<\/td>\n<td>MERCADO MUNICIPAL ALAQU\u00c0S<\/td>\n<\/tr>\n<tr>\n<td>NOEMI CANTERO OLIVAS Y SALAZONES<\/td>\n<td>MERCADO MUNICIPAL ALAQU\u00c0S<\/td>\n<\/tr>\n<\/tbody>\n<\/table>\n<p>[\/et_pb_toggle][et_pb_toggle title=&#8221;Autom\u00f2bils&#8221; _builder_version=&#8221;4.27.4&#8243; _module_preset=&#8221;default&#8221; global_colors_info=&#8221;{}&#8221;]<\/p>\n<table width=\"723\">\n<tbody>\n<tr>\n<td width=\"400\" style=\"font-weight: 400;\"><strong>Nom comercial<\/strong><\/td>\n<td width=\"323\" style=\"font-weight: 400;\"><strong>Direcci\u00f3<\/strong><\/td>\n<\/tr>\n<tr>\n<td style=\"font-weight: 400;\">AREA RUEDAS<\/td>\n<td style=\"font-weight: 400;\">CAM\u00cd VELL DE TORRENT, 58<\/td>\n<\/tr>\n<\/tbody>\n<\/table>\n<p>[\/et_pb_toggle][et_pb_toggle title=&#8221;Cura Personal&#8221; _builder_version=&#8221;4.27.4&#8243; _module_preset=&#8221;default&#8221; global_colors_info=&#8221;{}&#8221;]<\/p>\n<table width=\"688\">\n<tbody>\n<tr>\n<td width=\"353\"><strong>Nom comercial<\/strong><\/td>\n<td width=\"335\"><strong>Direcci\u00f3<\/strong><\/td>\n<\/tr>\n<tr>\n<td width=\"353\">A CONTRAP\u00c8L<\/td>\n<td width=\"335\">LA SENYERA, 19<\/td>\n<\/tr>\n<tr>\n<td width=\"353\">BELLEZA CALAEN<\/td>\n<td width=\"335\">MAJ\u00d2LICA, 10<\/td>\n<\/tr>\n<tr>\n<td width=\"353\">CENTRO DE EST\u00c9TICA EVA BARRAG\u00c1N<\/td>\n<td width=\"335\">VICENT ANDR\u00c9S ESTELL\u00c9S, 2<\/td>\n<\/tr>\n<tr>\n<td width=\"353\">CENTRO DE EST\u00c9TICA LETICIA P\u00c9REZ<\/td>\n<td width=\"335\">SANT RAFEL, 14<\/td>\n<\/tr>\n<tr>\n<td width=\"353\">COLORES<\/td>\n<td width=\"335\">PILOTA VALENCIANA, 5<\/td>\n<\/tr>\n<tr>\n<td width=\"353\">DULCINEAS Y QUIJOTES<\/td>\n<td width=\"335\">M\u00daSICA, 13<\/td>\n<\/tr>\n<tr>\n<td width=\"353\">JULIA OUAHIB MU\u00d1OZ<\/td>\n<td width=\"335\">MIGUEL ADLERT NOGUEROL, 12<\/td>\n<\/tr>\n<tr>\n<td width=\"353\">L&#8217;ESPAI DE LAIA<\/td>\n<td width=\"335\">BLASCO IB\u00c1\u00d1EZ, 11<\/td>\n<\/tr>\n<tr>\n<td width=\"353\">LUZCOPEL<\/td>\n<td width=\"335\">VICENT ANDR\u00c9S ESTELL\u00c9S, 44<\/td>\n<\/tr>\n<tr>\n<td width=\"353\">NURIA ILLESCAS ESTILISTAS<\/td>\n<td width=\"335\">LES PALMERES, 12<\/td>\n<\/tr>\n<tr>\n<td width=\"353\">PELUQUER\u00cdA EST\u00c9TICA PALOP<\/td>\n<td width=\"335\">SALVADOR GINER, 12<\/td>\n<\/tr>\n<tr>\n<td width=\"353\">PELUQUER\u00cdA INMA PONS<\/td>\n<td width=\"335\">COL\u00d3N, 14<\/td>\n<\/tr>\n<tr>\n<td width=\"353\">PERFUMERIA PRIETO<\/td>\n<td width=\"335\">CADIS, 15<\/td>\n<\/tr>\n<tr>\n<td width=\"353\">SIN HUELLA<\/td>\n<td width=\"335\">VICENT ANDR\u00c9S ESTELL\u00c9S, 22<\/td>\n<\/tr>\n<tr>\n<td width=\"353\">UNDERGROUND PELUQUEROS<\/td>\n<td width=\"335\">VICENT ANDR\u00c9S ESTELL\u00c9S, 10<\/td>\n<\/tr>\n<tr>\n<td>PELUQUER\u00cdA YOLANDA MORENO<\/td>\n<td>CAMINO VIEJO DE TORRENTE, 22<\/td>\n<\/tr>\n<tr>\n<td>BELLEZA Y SALUD MARIFE<\/td>\n<td>RAM\u00d3N Y CAJAL, 3 BAJO<\/td>\n<\/tr>\n<tr>\n<td>HERBASANA<\/td>\n<td>AVENIDA PA\u00cdS VALENCI\u00c0, 12<\/td>\n<\/tr>\n<tr>\n<td>BRONCEARTE WELLNESS<\/td>\n<td>CAM\u00cd VELL DE TORRENT , 19<\/td>\n<\/tr>\n<tr>\n<td>ESPAI DE NATURA<\/td>\n<td>MARE OVIEDO, 14<\/td>\n<\/tr>\n<tr>\n<td>PELUQUER\u00cdA AMPARO SALINAS<\/td>\n<td>SANTA ANA, 7<\/td>\n<\/tr>\n<tr>\n<td>MATICES HAIR SAL\u00d3N<\/td>\n<td>PARE GUILLEM, 20<\/td>\n<\/tr>\n<tr>\n<td>PELUQUER\u00cdA ANA PEINADO<\/td>\n<td>AVDA. AUSIAS MARCH, 34<\/td>\n<\/tr>\n<tr>\n<td>PELUQUER\u00cdA ROSA<\/td>\n<td>MESTRE SERRANO, 6<\/td>\n<\/tr>\n<tr>\n<td>PERFUMARTE<\/td>\n<td>PLAZA ESPA\u00d1A, 2<\/td>\n<\/tr>\n<\/tbody>\n<\/table>\n<p>[\/et_pb_toggle][et_pb_toggle title=&#8221;Esports i Educaci\u00f3&#8221; _builder_version=&#8221;4.27.4&#8243; _module_preset=&#8221;default&#8221; global_colors_info=&#8221;{}&#8221;]<\/p>\n<table width=\"723\">\n<tbody>\n<tr>\n<td width=\"400\" style=\"font-weight: 400;\"><strong>Nom comercial<\/strong><\/td>\n<td width=\"323\" style=\"font-weight: 400;\"><strong>Direcci\u00f3<\/strong><\/td>\n<\/tr>\n<tr>\n<td style=\"font-weight: 400;\">ATMOSFERA SPORT ALAQU\u00c0S<\/td>\n<td style=\"font-weight: 400;\">PA\u00cdS VALENCI\u00c0, 3<\/td>\n<\/tr>\n<\/tbody>\n<\/table>\n<p>[\/et_pb_toggle][et_pb_toggle title=&#8221;Floristeria i Fotografia&#8221; _builder_version=&#8221;4.27.4&#8243; _module_preset=&#8221;default&#8221; global_colors_info=&#8221;{}&#8221;]<\/p>\n<table width=\"723\">\n<tbody>\n<tr>\n<td width=\"400\" style=\"font-weight: 400; width: 396px;\"><strong>Nom comercial<\/strong><\/td>\n<td width=\"323\" style=\"font-weight: 400; width: 319px;\"><strong>Direcci\u00f3<\/strong><\/td>\n<\/tr>\n<tr>\n<td style=\"font-weight: 400; width: 396px;\">FLORISTER\u00cdA TORNASOL<\/td>\n<td style=\"font-weight: 400; width: 319px;\">PABLO IGLESIAS, 2<\/td>\n<\/tr>\n<tr>\n<td style=\"font-weight: 400; width: 396px;\">NATURAL PHOTOGRAPHY<\/td>\n<td style=\"font-weight: 400; width: 319px;\">SANT RAFEL, 19<\/td>\n<\/tr>\n<tr>\n<td width=\"303\" style=\"width: 396px;\">PADI FOT\u00d3GRAFOS<\/td>\n<td width=\"286\" style=\"width: 319px;\">AVENIDA PA\u00cdS VALENCI\u00c0, 14<\/td>\n<\/tr>\n<tr>\n<td width=\"303\" style=\"width: 396px;\">MANOLI DISE\u00d1O FLORAL Y EVENTOS<\/td>\n<td width=\"286\" style=\"width: 319px;\">AVDA. AUSIAS MARCH, 17<\/td>\n<\/tr>\n<\/tbody>\n<\/table>\n<p>&nbsp;<\/p>\n<p>[\/et_pb_toggle][et_pb_toggle title=&#8221;Impremta \/ llibreria \/ Papereria \/ Regals&#8221; _builder_version=&#8221;4.27.4&#8243; _module_preset=&#8221;default&#8221; global_colors_info=&#8221;{}&#8221;]<\/p>\n<table width=\"723\">\n<tbody>\n<tr style=\"height: 24px;\">\n<td style=\"font-weight: 400; height: 24px; width: 390px;\"><strong>Nom comercial<\/strong><\/td>\n<td style=\"font-weight: 400; height: 24px; width: 316px;\"><strong>Direcci\u00f3<\/strong><\/td>\n<\/tr>\n<tr style=\"height: 24px;\">\n<td style=\"font-weight: 400; height: 24px; width: 390px;\">COPI PALOP (Impremta)<\/td>\n<td style=\"font-weight: 400; height: 24px; width: 316px;\">CONCA, 17<\/td>\n<\/tr>\n<tr style=\"height: 24px;\">\n<td style=\"font-weight: 400; height: 24px; width: 390px;\">FOLDER<\/td>\n<td style=\"font-weight: 400; height: 24px; width: 316px;\">PA\u00cdS VALENCI\u00c0, 23<\/td>\n<\/tr>\n<tr style=\"height: 24px;\">\n<td style=\"font-weight: 400; height: 24px; width: 390px;\">KIOSCO SORAYA<\/td>\n<td style=\"font-weight: 400; height: 24px; width: 316px;\">AUSI\u00c0S MARCH, 42<\/td>\n<\/tr>\n<tr style=\"height: 24px;\">\n<td style=\"font-weight: 400; height: 24px; width: 390px;\">LIBRER\u00cdA MARYMAR<\/td>\n<td style=\"font-weight: 400; height: 24px; width: 316px;\">PA\u00cdS VALENCI\u00c0, 1<\/td>\n<\/tr>\n<tr style=\"height: 24px;\">\n<td style=\"font-weight: 400; height: 24px; width: 390px;\">PAPELER\u00cdA AGU\u00d1A<\/td>\n<td style=\"font-weight: 400; height: 24px; width: 316px;\">BLASCO IB\u00c1\u00d1EZ, 6<\/td>\n<\/tr>\n<tr>\n<td width=\"303\" style=\"width: 390px;\">TIENDA DE BELLAS ARTES O.E<\/td>\n<td width=\"286\" style=\"width: 316px;\">SAN JUAN DE RIBERA, 46<\/td>\n<\/tr>\n<tr style=\"height: 24px;\">\n<td style=\"font-weight: 400; height: 24px; width: 390px;\">PAPELERIA BE TO BE ALAQUAS<\/td>\n<td style=\"font-weight: 400; height: 24px; width: 316px;\">CAMI VELL DE TORRENT, 19<\/td>\n<\/tr>\n<tr>\n<td width=\"303\" style=\"width: 390px;\">LA BASE REBELDE<\/td>\n<td width=\"286\" style=\"width: 316px;\">MIGUEL ADLERT NOGUEROL, 22<\/td>\n<\/tr>\n<tr>\n<td style=\"font-weight: 400; width: 390px;\">CUCADAS MARA<\/td>\n<td style=\"font-weight: 400; width: 316px;\">BLASCO IB\u00c1NEZ, 1<\/td>\n<\/tr>\n<tr style=\"height: 24px;\">\n<td style=\"font-weight: 400; height: 24px; width: 390px;\">PAPELER\u00cdA PALOP<\/td>\n<td style=\"font-weight: 400; height: 24px; width: 316px;\">CARRETERA D&#8217;ALDAIA, 2<\/td>\n<\/tr>\n<\/tbody>\n<\/table>\n<p>[\/et_pb_toggle][\/et_pb_column][et_pb_column type=&#8221;1_2&#8243; _builder_version=&#8221;4.16&#8243; _module_preset=&#8221;default&#8221; global_colors_info=&#8221;{}&#8221;][et_pb_toggle title=&#8221;Joieria&#8221; _builder_version=&#8221;4.27.4&#8243; _module_preset=&#8221;default&#8221; global_colors_info=&#8221;{}&#8221;]<\/p>\n<table width=\"723\">\n<tbody>\n<tr>\n<td width=\"400\" style=\"font-weight: 400;\"><strong>Nom comercial<\/strong><\/td>\n<td width=\"323\" style=\"font-weight: 400;\"><strong>Direcci\u00f3<\/strong><\/td>\n<\/tr>\n<tr>\n<td style=\"font-weight: 400;\">JOYER\u00cdA AMPARO ROMERO<\/td>\n<td style=\"font-weight: 400;\">VALENCIA, 62<\/td>\n<\/tr>\n<tr>\n<td style=\"font-weight: 400;\">JOYER\u00cdA FINA<\/td>\n<td style=\"font-weight: 400;\">PARE GUILLEM, 7<\/td>\n<\/tr>\n<tr>\n<td style=\"font-weight: 400;\">JOYER\u00cdA LIDOMAR<\/td>\n<td style=\"font-weight: 400;\">PLA\u00c7A D&#8217;ESPANYA, 3<\/td>\n<\/tr>\n<tr>\n<td style=\"font-weight: 400;\">JOYER\u00cdA LORENA<\/td>\n<td style=\"font-weight: 400;\">PA\u00cdS VALENCI\u00c0, 20<\/td>\n<\/tr>\n<tr>\n<td style=\"font-weight: 400;\">JOYER\u00cdA LORENA<\/td>\n<td style=\"font-weight: 400;\">VICENT ANDR\u00c9S ESTELL\u00c9S, 38<\/td>\n<\/tr>\n<\/tbody>\n<\/table>\n<p>[\/et_pb_toggle][et_pb_toggle title=&#8221;Llar&#8221; _builder_version=&#8221;4.27.4&#8243; _module_preset=&#8221;default&#8221; hover_enabled=&#8221;0&#8243; global_colors_info=&#8221;{}&#8221; sticky_enabled=&#8221;0&#8243;]<\/p>\n<table width=\"713\">\n<tbody>\n<tr>\n<td width=\"405\"><strong>Nom comercial<\/strong><\/td>\n<td width=\"308\"><strong>Direcci\u00f3<\/strong><\/td>\n<\/tr>\n<tr>\n<td width=\"405\">CORTINAS OSCAR IRANZO<\/td>\n<td width=\"308\">MALLORCA, 8<\/td>\n<\/tr>\n<tr>\n<td width=\"405\">ELECTRODOM\u00c9STICOS MART\u00cdNEZ (EURONICS)<\/td>\n<td width=\"308\">SANT LLUIS GONZAGA, 2<\/td>\n<\/tr>\n<tr>\n<td width=\"405\">ELECTR\u00d3NICA VALENCIA<\/td>\n<td width=\"308\">VICENT ANDR\u00c9S ESTELL\u00c9S, 11<\/td>\n<\/tr>\n<tr>\n<td width=\"405\">EXPOCOLCH\u00d3N<\/td>\n<td width=\"308\">VICENT ANDR\u00c9S ESTELL\u00c9S, 44<\/td>\n<\/tr>\n<tr>\n<td width=\"405\">FRIOFONT<\/td>\n<td width=\"308\">CAIXA D&#8217;ESTALVIS, 6<\/td>\n<\/tr>\n<tr>\n<td width=\"405\">HOMEDECCO DESCANSO &amp; CONFORT<\/td>\n<td width=\"308\">CAM\u00cd VELL DE TORRENT, 9<\/td>\n<\/tr>\n<tr>\n<td width=\"405\">ID\u00d3NEA ELECTRODOM\u00c9STICOS<\/td>\n<td width=\"308\">SANTA ANNA, 9<\/td>\n<\/tr>\n<tr>\n<td width=\"405\">L\u00c1MPARAS EL BOLLO<\/td>\n<td width=\"308\">MIGUEL HERN\u00c1NDEZ, 6<\/td>\n<\/tr>\n<tr>\n<td width=\"405\">MAROGAR HOME<\/td>\n<td width=\"308\">CONVENT, 3<\/td>\n<\/tr>\n<tr>\n<td width=\"405\">MUEBLES MIGUEL<\/td>\n<td width=\"308\">AUSI\u00c0S MARCH, 29<\/td>\n<\/tr>\n<tr>\n<td width=\"405\">MUEBLES ORTEGA<\/td>\n<td width=\"308\">PA\u00cdS VALENCI\u00c0, 24<\/td>\n<\/tr>\n<tr>\n<td width=\"405\">PERSIANAS TERUEL<\/td>\n<td width=\"308\">PARE GUILLEM, 24<\/td>\n<\/tr>\n<tr>\n<td width=\"405\">SOMNUS COLCHONES Y DESCANSO<\/td>\n<td width=\"308\">PABLO IGLESIAS, 28<\/td>\n<\/tr>\n<tr>\n<td width=\"405\">TIEN21 ALAQUAS<\/td>\n<td width=\"308\">MIGUEL HERNANDEZ, 8<\/td>\n<\/tr>\n<tr>\n<td width=\"405\">FONTANER\u00cdA LA SOLETA<\/td>\n<td width=\"308\">FEDERICO GARC\u00cdA LORCA, 8<\/td>\n<\/tr>\n<tr>\n<td width=\"405\">FERRETERIA GARCIA SIMARRO SL<\/td>\n<td width=\"308\">MIGUEL HERN\u00c1NDEZ, 27B<\/td>\n<\/tr>\n<tr>\n<td width=\"405\">BRICOFER<\/td>\n<td width=\"308\">PABLO IGLESIAS, 8<\/td>\n<\/tr>\n<\/tbody>\n<\/table>\n<p>[\/et_pb_toggle][et_pb_toggle title=&#8221;Moda, Cal\u00e7at i Complements&#8221; _builder_version=&#8221;4.27.4&#8243; _module_preset=&#8221;default&#8221; global_colors_info=&#8221;{}&#8221;]<\/p>\n<table width=\"688\">\n<tbody>\n<tr>\n<td width=\"353\"><strong>Nom comercial<\/strong><\/td>\n<td width=\"335\"><strong>Direcci\u00f3<\/strong><\/td>\n<\/tr>\n<tr>\n<td width=\"353\">MIS 3 PATITOS<\/td>\n<td width=\"335\">BLASCO IB\u00c1\u00d1EZ, 33<\/td>\n<\/tr>\n<tr>\n<td width=\"353\">CALZADOS CISCAR<\/td>\n<td width=\"335\">PA\u00cdS VALENCI\u00c0, 19<\/td>\n<\/tr>\n<tr>\n<td width=\"353\">CALZADOS LUNA<\/td>\n<td width=\"335\">BLASCO IB\u00c1\u00d1EZ, 50<\/td>\n<\/tr>\n<tr>\n<td width=\"353\">COCOA<\/td>\n<td width=\"335\">SANT RAFEL, 10<\/td>\n<\/tr>\n<tr>\n<td width=\"353\">DIMARZO<\/td>\n<td width=\"335\">MARE JOSEFA CAMPOS, 2<\/td>\n<\/tr>\n<tr>\n<td width=\"353\">EL VESTIDOR<\/td>\n<td width=\"335\">PA\u00cdS VALENCI\u00c0, 31<\/td>\n<\/tr>\n<tr>\n<td width=\"353\">ESTHER MART\u00cdNEZ CEREMONIA<\/td>\n<td width=\"335\">CAM\u00cd VELL DE TORRENT, 24<\/td>\n<\/tr>\n<tr>\n<td width=\"353\">LA BARRACA DE ALAQU\u00c0S<\/td>\n<td width=\"335\">MIGUEL ADLERT NOGUEROL, 10-12<\/td>\n<\/tr>\n<tr>\n<td width=\"353\">LENCER\u00cdA ESTRELLA<\/td>\n<td width=\"335\">BLASCO IB\u00c1\u00d1EZ, 41<\/td>\n<\/tr>\n<tr>\n<td width=\"353\">LENCER\u00cdA FLORI<\/td>\n<td width=\"335\">VICENT ANDR\u00c9S ESTELL\u00c9S, 15<\/td>\n<\/tr>\n<tr>\n<td width=\"353\">LENCER\u00cdA Y CORSETER\u00cdA CAPRICHO<\/td>\n<td width=\"335\">PA\u00cdS VALENCI\u00c0, 14<\/td>\n<\/tr>\n<tr>\n<td width=\"353\">LOYSA MODA<\/td>\n<td width=\"335\">VICENT ANDR\u00c9S ESTELL\u00c9S, 19<\/td>\n<\/tr>\n<tr>\n<td width=\"353\">LOYSA MODA<\/td>\n<td width=\"335\">VICENT ANDR\u00c9S ESTELL\u00c9S, 46<\/td>\n<\/tr>\n<tr>\n<td width=\"353\">SABAS SHOP<\/td>\n<td width=\"335\">CARRETERA D&#8217;ALDAIA, 2<\/td>\n<\/tr>\n<tr>\n<td width=\"353\">VESTIU<\/td>\n<td width=\"335\">PA\u00cdS VALENCI\u00c0, 21<\/td>\n<\/tr>\n<tr>\n<td>JARA MODA<\/td>\n<td>MIGUEL ADLERT NOGUEROL, 7<\/td>\n<\/tr>\n<tr>\n<td>LA TENDA DE MAR\u00cdA<\/td>\n<td>AVDA. MIGUEL HERN\u00c1NDEZ, 8<\/td>\n<\/tr>\n<tr>\n<td>MODA INFANTIL SUE\u00d1A BONITO<\/td>\n<td>AVDA. MIGUEL HERN\u00c1NDEZ,12<\/td>\n<\/tr>\n<\/tbody>\n<\/table>\n<p>[\/et_pb_toggle][et_pb_toggle title=&#8221;Salut&#8221; _builder_version=&#8221;4.27.4&#8243; _module_preset=&#8221;default&#8221; global_colors_info=&#8221;{}&#8221;]<\/p>\n<table width=\"688\" style=\"height: 360px;\">\n<tbody>\n<tr style=\"height: 24px;\">\n<td style=\"height: 24px; width: 344.781px;\"><strong>Nom comercial<\/strong><\/td>\n<td style=\"height: 24px; width: 327.219px;\"><strong>Direcci\u00f3<\/strong><\/td>\n<\/tr>\n<tr style=\"height: 24px;\">\n<td style=\"height: 24px; width: 344.781px;\">ACUITIS<\/td>\n<td style=\"height: 24px; width: 327.219px;\">AUSI\u00c0S MARCH, 34<\/td>\n<\/tr>\n<tr style=\"height: 24px;\">\n<td style=\"height: 24px; width: 344.781px;\">CENTRE D\u2019EST\u00c8TICA RAKEL<\/td>\n<td style=\"height: 24px; width: 327.219px;\">VALENCIA, 39<\/td>\n<\/tr>\n<tr style=\"height: 24px;\">\n<td style=\"height: 24px; width: 344.781px;\">CENTRO DE FISIOTERAPIA<\/td>\n<td style=\"height: 24px; width: 327.219px;\">TOM\u00c1S MART\u00cdNEZ MEDINA, 13<\/td>\n<\/tr>\n<tr style=\"height: 24px;\">\n<td style=\"height: 24px; width: 344.781px;\">CENTRO DE PSICOLOG\u00cdA EMMA<\/td>\n<td style=\"height: 24px; width: 327.219px;\">SANTA ANNA, 13<\/td>\n<\/tr>\n<tr style=\"height: 24px;\">\n<td style=\"height: 24px; width: 344.781px;\">CL\u00cdNICA SANAE<\/td>\n<td style=\"height: 24px; width: 327.219px;\">ANTONIA MARIA D&#8217;OVIEDO, 18<\/td>\n<\/tr>\n<tr style=\"height: 24px;\">\n<td style=\"height: 24px; width: 344.781px;\">FARMACIA MERCEDES AGULLEIRO<\/td>\n<td style=\"height: 24px; width: 327.219px;\">TRINQUET, 6<\/td>\n<\/tr>\n<tr style=\"height: 24px;\">\n<td style=\"height: 24px; width: 344.781px;\">KECA RAMON OPTICS<\/td>\n<td style=\"height: 24px; width: 327.219px;\">BONAVISTA, 2<\/td>\n<\/tr>\n<tr style=\"height: 24px;\">\n<td style=\"height: 24px; width: 344.781px;\">\u00d3PTICA CHAQUES<\/td>\n<td style=\"height: 24px; width: 327.219px;\">PA\u00cdS VALENCI\u00c0, 12<\/td>\n<\/tr>\n<tr style=\"height: 24px;\">\n<td style=\"height: 24px; width: 344.781px;\">OSTEON FISIOTERAPIA<\/td>\n<td style=\"height: 24px; width: 327.219px;\">MARE JOSEFA CAMPOS, 2<\/td>\n<\/tr>\n<tr style=\"height: 24px;\">\n<td style=\"height: 24px; width: 344.781px;\">FARMACIA ELIA MARTI<\/td>\n<td style=\"height: 24px; width: 327.219px;\">ALBACETE, 10<\/td>\n<\/tr>\n<tr>\n<td style=\"width: 344.781px;\">\u00d3PTICA ALAQU\u00c0S<\/td>\n<td style=\"width: 327.219px;\">MAESTRO JOS\u00c9 MEDINA FERRER, 4.<\/td>\n<\/tr>\n<tr style=\"height: 24px;\">\n<td style=\"height: 24px; width: 344.781px;\">\u00d3PTICA BLASCO IB\u00c1\u00d1EZ<\/td>\n<td style=\"height: 24px; width: 327.219px;\">AVDA. BLASCO IB\u00c1\u00d1EZ, 30<\/td>\n<\/tr>\n<\/tbody>\n<\/table>\n<p>[\/et_pb_toggle][et_pb_toggle title=&#8221;Servicis \/ Viatges \/ Mascotes \/ Pirot\u00e8cnia&#8221; _builder_version=&#8221;4.27.4&#8243; _module_preset=&#8221;default&#8221; global_colors_info=&#8221;{}&#8221;]<\/p>\n<table width=\"861\">\n<tbody>\n<tr>\n<td width=\"448\" style=\"width: 444px;\"><strong>Nom comercial<\/strong><\/td>\n<td width=\"413\" style=\"width: 409px;\"><strong>Direcci\u00f3<\/strong><\/td>\n<\/tr>\n<tr>\n<td width=\"448\" style=\"width: 444px;\">VALENCIA TRIP<\/td>\n<td width=\"413\" style=\"width: 409px;\">VICENT ANDR\u00c9S ESTELL\u00c9S, 40<\/td>\n<\/tr>\n<tr>\n<td width=\"448\" style=\"width: 444px;\">JOC DE TRONS<\/td>\n<td width=\"413\" style=\"width: 409px;\">CAMI VELL DE TORRENT, 24 BAJO<\/td>\n<\/tr>\n<tr>\n<td width=\"448\" style=\"width: 444px;\">LANGUAGE CENTRE IDIOMAS<\/td>\n<td width=\"413\" style=\"width: 409px;\">CONVENT, 5<\/td>\n<\/tr>\n<tr>\n<td width=\"448\" style=\"width: 444px;\">INTERZOO<\/td>\n<td width=\"413\" style=\"width: 409px;\">AUSI\u00c0S MARCH, 40<\/td>\n<\/tr>\n<tr>\n<td width=\"353\" style=\"width: 444px;\">\n<p>CL\u00cdNICA VETERINARIA EL CASTELL<\/p>\n<\/td>\n<td width=\"335\" style=\"width: 409px;\">FEDERICO GARC\u00cdA LORCA, 5<\/td>\n<\/tr>\n<\/tbody>\n<\/table>\n<p>[\/et_pb_toggle][\/et_pb_column][\/et_pb_row][\/et_pb_section][et_pb_section fb_built=&#8221;1&#8243; disabled_on=&#8221;off|off|off&#8221; module_id=&#8221;incide&#8221; _builder_version=&#8221;4.16&#8243; background_image=&#8221;https:\/\/compralocal.alaquas.org\/bonos2022\/wp-content\/uploads\/2022\/02\/ELEMENTOS_5.png&#8221; background_size=&#8221;contain&#8221; background_position=&#8221;center_left&#8221; custom_margin=&#8221;||||false|false&#8221; custom_padding=&#8221;62px||62px||true|false&#8221; background_last_edited=&#8221;on|phone&#8221; background_enable_image_tablet=&#8221;off&#8221; border_width_all=&#8221;6vw&#8221; border_color_all=&#8221;#ece9e4&#8243; border_width_all_tablet=&#8221;&#8221; border_width_all_phone=&#8221;0px&#8221; border_width_all_last_edited=&#8221;on|phone&#8221; global_module=&#8221;2329&#8243; locked=&#8221;off&#8221; global_colors_info=&#8221;{}&#8221;][et_pb_row column_structure=&#8221;1_2,1_2&#8243; _builder_version=&#8221;4.16&#8243; global_colors_info=&#8221;{}&#8221;][et_pb_column type=&#8221;1_2&#8243; _builder_version=&#8221;4.16&#8243; global_colors_info=&#8221;{}&#8221;][\/et_pb_column][et_pb_column type=&#8221;1_2&#8243; _builder_version=&#8221;4.16&#8243; global_colors_info=&#8221;{}&#8221;][et_pb_text _builder_version=&#8221;4.16&#8243; text_font=&#8221;Lora||||||||&#8221; text_line_height=&#8221;2em&#8221; header_2_font=&#8221;Oswald||||||||&#8221; header_2_text_align=&#8221;left&#8221; header_2_text_color=&#8221;#280400&#8243; header_2_font_size=&#8221;60px&#8221; header_2_line_height=&#8221;1.2em&#8221; text_orientation=&#8221;center&#8221; max_width=&#8221;600px&#8221; module_alignment=&#8221;center&#8221; header_2_font_size_tablet=&#8221;40px&#8221; header_2_font_size_phone=&#8221;28px&#8221; header_2_font_size_last_edited=&#8221;on|phone&#8221; header_2_line_height_tablet=&#8221;1.4em&#8221; header_2_line_height_phone=&#8221;&#8221; header_2_line_height_last_edited=&#8221;on|phone&#8221; locked=&#8221;off&#8221; global_colors_info=&#8221;{}&#8221;]<\/p>\n<h2>Incid\u00e8ncies<\/h2>\n<p>[\/et_pb_text][et_pb_text ul_item_indent=&#8221;50px&#8221; ul_item_indent_tablet=&#8221;50px&#8221; ul_item_indent_phone=&#8221;50px&#8221; ul_item_indent_last_edited=&#8221;on|desktop&#8221; _builder_version=&#8221;4.21.2&#8243; text_font=&#8221;Abel||||||||&#8221; text_text_color=&#8221;#280400&#8243; text_font_size=&#8221;24px&#8221; text_line_height=&#8221;1.3em&#8221; ul_text_color=&#8221;#d13660&#8243; ul_line_height=&#8221;1.4em&#8221; ol_line_height=&#8221;2em&#8221; text_font_size_tablet=&#8221;20px&#8221; text_font_size_phone=&#8221;16px&#8221; text_font_size_last_edited=&#8221;on|desktop&#8221; locked=&#8221;off&#8221; global_colors_info=&#8221;{}&#8221;]<\/p>\n<p>Durant tota la campanya es podran resoldre dubtes en:<\/p>\n<p><strong>Ag\u00e8ncia de Desenvolupament Local<br \/><\/strong><a href=\"mailto:desarrollolocal@alaquas.org\">desarrollolocal@alaquas.org<\/a><em><br \/><\/em>674.24.82.74<\/p>\n<p>[\/et_pb_text][\/et_pb_column][\/et_pb_row][\/et_pb_section]<\/p>\n","protected":false},"excerpt":{"rendered":"<p>Llistat de comer\u00e7os 2026 Nom comercial Direcci\u00f3 CARNICER\u00cdA JOS\u00c9 CERVERA CAM\u00cd VELL DE TORRENT, 16 CASA PLANES VICENT ANDR\u00c9S ESTELL\u00c9S, 21 MIGUEL HERN\u00c1NDEZ, 8 FRUTAS ORTEGA VICENT ANDR\u00c9S ESTELL\u00c9S, 13 FRUTER\u00cdA EL CASTILLO PARE GUILLEM, 22 JAMONES PEIR\u00d3 C\/ COLON, 4 L&#8217;HORTET FRUITES I VERDURES MAJOR, 59 PIZZARIMA BONAVISTA, 8 SABORES DE LA VID BLASCO [&hellip;]<\/p>\n","protected":false},"author":2,"featured_media":0,"parent":0,"menu_order":0,"comment_status":"closed","ping_status":"closed","template":"","meta":{"_et_pb_use_builder":"on","_et_pb_old_content":"","_et_gb_content_width":"","footnotes":""},"class_list":["post-385","page","type-page","status-publish","hentry"],"_links":{"self":[{"href":"https:\/\/compralocal.alaquas.org\/bonos2022\/wp-json\/wp\/v2\/pages\/385","targetHints":{"allow":["GET"]}}],"collection":[{"href":"https:\/\/compralocal.alaquas.org\/bonos2022\/wp-json\/wp\/v2\/pages"}],"about":[{"href":"https:\/\/compralocal.alaquas.org\/bonos2022\/wp-json\/wp\/v2\/types\/page"}],"author":[{"embeddable":true,"href":"https:\/\/compralocal.alaquas.org\/bonos2022\/wp-json\/wp\/v2\/users\/2"}],"replies":[{"embeddable":true,"href":"https:\/\/compralocal.alaquas.org\/bonos2022\/wp-json\/wp\/v2\/comments?post=385"}],"version-history":[{"count":30,"href":"https:\/\/compralocal.alaquas.org\/bonos2022\/wp-json\/wp\/v2\/pages\/385\/revisions"}],"predecessor-version":[{"id":3069,"href":"https:\/\/compralocal.alaquas.org\/bonos2022\/wp-json\/wp\/v2\/pages\/385\/revisions\/3069"}],"wp:attachment":[{"href":"https:\/\/compralocal.alaquas.org\/bonos2022\/wp-json\/wp\/v2\/media?parent=385"}],"curies":[{"name":"wp","href":"https:\/\/api.w.org\/{rel}","templated":true}]}}