{"id":3,"date":"2022-03-03T11:37:51","date_gmt":"2022-03-03T09:37:51","guid":{"rendered":"https:\/\/compralocal.alaquas.org\/bonos2022\/?page_id=3"},"modified":"2023-08-07T14:17:48","modified_gmt":"2023-08-07T12:17:48","slug":"politica-privacitat","status":"publish","type":"page","link":"https:\/\/compralocal.alaquas.org\/bonos2022\/politica-privacitat\/","title":{"rendered":"Pol\u00edtica de privacitat"},"content":{"rendered":"\r\n<h2 class=\"wp-block-heading\">Responsable del tractament<\/h2>\r\n<p>El tractament de les dades personals facilitades per l&#8217;usuari que es pogueren recaptar per a la compra dels bons seran tractats per l&#8217;Ajuntament d&#8217;Alaqu\u00e0s, com a responsable <br \/>del tractament, i les seues dades de contacte s\u00f3n C\/ Major, 88, 46970, Alaqu\u00e0s, Val\u00e8ncia i correu electr\u00f2nic <a href=\"mailto:dpd@alaquas.org\"><strong>dpd@alaquas.org.<\/strong><\/a><br \/><br \/><\/p>\r\n<h2>Finalitat i legitimaci\u00f3<\/h2>\r\n<p>La finalitat del tractament de les dades personals ser\u00e0 la gesti\u00f3 del procediment de compra i adquisici\u00f3 dels bons, per la qual cosa la legitimaci\u00f3 del tractament dels mateixos es <br \/>funda en qu\u00e8 resulten necessaris per a l&#8217;execuci\u00f3 del contracte. \u00a0\u00a0\u00a0\u00a0\u00a0\u00a0\u00a0\u00a0\u00a0\u00a0\u00a0\u00a0 <br \/><br \/><\/p>\r\n<h2>Per\u00edode de conservaci\u00f3<\/h2>\r\n<p>Les dades personals seran conservades mentre continue vigent la campanya de col\u00b7laboraci\u00f3 amb els comer\u00e7os adscrits a aquesta, i una vegada haja finalitzat aquesta mentre no prescriguen les accions legals derivades de la referida campanya o del propi tractament de les dades.\u00a0\u00a0\u00a0\u00a0\u00a0\u00a0\u00a0\u00a0\u00a0\u00a0\u00a0 <br \/><br \/><\/p>\r\n<h2>Destinataris<\/h2>\r\n<p>No est\u00e0 prevista la comunicaci\u00f3 de les seues dades personals a tercers, excepte en el cas que f\u00f3ra necessari per al desenvolupament i execuci\u00f3 de les finalitats del tractament, o quan resultara necessari per al compliment d&#8217;una obligaci\u00f3 legal aplicable al responsable del tractament. Les dades personals no seran objecte de transfer\u00e8ncies internacionals.\u00a0\u00a0\u00a0\u00a0\u00a0\u00a0\u00a0\u00a0\u00a0\u00a0 <br \/><br \/><\/p>\r\n<h2>Exercici de drets<\/h2>\r\n<p>Les persones interessades en aquest tractament poden exercir els seus drets d&#8217;acc\u00e9s, rectificaci\u00f3, supressi\u00f3, i portabilitat de les seues dades, limitaci\u00f3 i oposici\u00f3. A aquest efecte, haur\u00e0 de presentar un escrit en el Registre d&#8217;Entrada, electr\u00f2nic o presencial, de l&#8217;Ajuntament. En l&#8217;escrit haur\u00e0 d&#8217;especificar quin d&#8217;aquests drets sol\u00b7licita que siga satisfet i, al seu torn, haur\u00e0 de mostrar o, en cas d&#8217;enviament postal, acompanyar-lo amb la fotoc\u00f2pia del DNI o document identificatiu equivalent. En cas que actuara mitjan\u00e7ant representant, legal o voluntari, haur\u00e0 d&#8217;aportar tamb\u00e9 un document que acredite la representaci\u00f3 i un document identificatiu d&#8217;aquest.<\/p>\r\n<h2><br \/>Dades de contracte del Delegat de Protecci\u00f3 de Dades<\/h2>\r\n<p>Podr\u00e0 contactar amb el Delegat de Protecci\u00f3 de Dades de l&#8217;Ajuntament d&#8217;Alaqu\u00e0s per a qualsevol q\u00fcesti\u00f3 relacionada amb el tractament de les seues dades a trav\u00e9s de l&#8217;adre\u00e7a de correu electr\u00f2nic <a href=\"mailto:dpd@informaconsulting.com\">dpd@informaconsulting.com<\/a> <br \/><br \/><\/p>\r\n<h2>Reclamaci\u00f3 davant l&#8217;Ag\u00e8ncia Espanyola de Protecci\u00f3 de Dades<\/h2>\r\n<p>Si les persones interessades entenen que s&#8217;han vist perjudicades pel tractament o en l&#8217;exercici dels seus drets, poden presentar una reclamaci\u00f3 davant l&#8217;Ag\u00e8ncia Espanyola de Protecci\u00f3 de Dades a trav\u00e9s de la seu electr\u00f2nica accessible en la p\u00e0gina web <a href=\"https:\/\/www.aepd.es\/\">https:\/\/www.aepd.es\/<\/a><\/p>\r\n<p>&nbsp;<\/p>\r\n<p>&nbsp;<\/p>\r\n","protected":false},"excerpt":{"rendered":"<p>Responsable del tractament El tractament de les dades personals facilitades per l&#8217;usuari que es pogueren recaptar per a la compra dels bons seran tractats per l&#8217;Ajuntament d&#8217;Alaqu\u00e0s, com a responsable del tractament, i les seues dades de contacte s\u00f3n C\/ Major, 88, 46970, Alaqu\u00e0s, Val\u00e8ncia i correu electr\u00f2nic dpd@alaquas.org. Finalitat i legitimaci\u00f3 La finalitat del [&hellip;]<\/p>\n","protected":false},"author":1,"featured_media":0,"parent":0,"menu_order":0,"comment_status":"closed","ping_status":"closed","template":"","meta":{"_et_pb_use_builder":"","_et_pb_old_content":"","_et_gb_content_width":"","footnotes":""},"class_list":["post-3","page","type-page","status-publish","hentry"],"_links":{"self":[{"href":"https:\/\/compralocal.alaquas.org\/bonos2022\/wp-json\/wp\/v2\/pages\/3","targetHints":{"allow":["GET"]}}],"collection":[{"href":"https:\/\/compralocal.alaquas.org\/bonos2022\/wp-json\/wp\/v2\/pages"}],"about":[{"href":"https:\/\/compralocal.alaquas.org\/bonos2022\/wp-json\/wp\/v2\/types\/page"}],"author":[{"embeddable":true,"href":"https:\/\/compralocal.alaquas.org\/bonos2022\/wp-json\/wp\/v2\/users\/1"}],"replies":[{"embeddable":true,"href":"https:\/\/compralocal.alaquas.org\/bonos2022\/wp-json\/wp\/v2\/comments?post=3"}],"version-history":[{"count":8,"href":"https:\/\/compralocal.alaquas.org\/bonos2022\/wp-json\/wp\/v2\/pages\/3\/revisions"}],"predecessor-version":[{"id":2302,"href":"https:\/\/compralocal.alaquas.org\/bonos2022\/wp-json\/wp\/v2\/pages\/3\/revisions\/2302"}],"wp:attachment":[{"href":"https:\/\/compralocal.alaquas.org\/bonos2022\/wp-json\/wp\/v2\/media?parent=3"}],"curies":[{"name":"wp","href":"https:\/\/api.w.org\/{rel}","templated":true}]}}