{"id":16,"date":"2022-03-07T15:27:54","date_gmt":"2022-03-07T13:27:54","guid":{"rendered":"https:\/\/compralocal.alaquas.org\/bonos2022\/carrito\/"},"modified":"2024-09-16T13:24:41","modified_gmt":"2024-09-16T11:24:41","slug":"carret","status":"publish","type":"page","link":"https:\/\/compralocal.alaquas.org\/bonos2022\/carret\/","title":{"rendered":"Carret"},"content":{"rendered":"<h2><span style=\"color: #ef9c10;\">Condicions de venda del BO COMER\u00c7<\/span><\/h2>\n<h3>Nom\u00e9s es podr\u00e0 adquirir <span style=\"color: #ff0000;\">un bo per n\u00famero de DNI\/NIE<\/span> i nom\u00e9s pot ser adquirit per persones que siguen <span style=\"color: #ff0000;\">majors de 18 anys<\/span> en el moment de la compra (es comprovar\u00e0 l&#8217;edat en el moment de la recollida).<\/h3>\n<h3>En realitzar la compra <span style=\"color: #ff0000;\">rebr\u00e0 un email de confirmaci\u00f3 amb un n\u00famero de comanda: conserve-ho<\/span>. Posteriorment, rebr\u00e0 un <span style=\"color: #ff0000;\">email confirmant-li la data, la direcci\u00f3 i horari de recollida del BO COMER\u00c7<\/span>.<\/h3>\n\n","protected":false},"excerpt":{"rendered":"","protected":false},"author":1,"featured_media":0,"parent":0,"menu_order":0,"comment_status":"closed","ping_status":"closed","template":"","meta":{"_et_pb_use_builder":"","_et_pb_old_content":"","_et_gb_content_width":"","footnotes":""},"class_list":["post-16","page","type-page","status-publish","hentry"],"_links":{"self":[{"href":"https:\/\/compralocal.alaquas.org\/bonos2022\/wp-json\/wp\/v2\/pages\/16","targetHints":{"allow":["GET"]}}],"collection":[{"href":"https:\/\/compralocal.alaquas.org\/bonos2022\/wp-json\/wp\/v2\/pages"}],"about":[{"href":"https:\/\/compralocal.alaquas.org\/bonos2022\/wp-json\/wp\/v2\/types\/page"}],"author":[{"embeddable":true,"href":"https:\/\/compralocal.alaquas.org\/bonos2022\/wp-json\/wp\/v2\/users\/1"}],"replies":[{"embeddable":true,"href":"https:\/\/compralocal.alaquas.org\/bonos2022\/wp-json\/wp\/v2\/comments?post=16"}],"version-history":[{"count":4,"href":"https:\/\/compralocal.alaquas.org\/bonos2022\/wp-json\/wp\/v2\/pages\/16\/revisions"}],"predecessor-version":[{"id":2465,"href":"https:\/\/compralocal.alaquas.org\/bonos2022\/wp-json\/wp\/v2\/pages\/16\/revisions\/2465"}],"wp:attachment":[{"href":"https:\/\/compralocal.alaquas.org\/bonos2022\/wp-json\/wp\/v2\/media?parent=16"}],"curies":[{"name":"wp","href":"https:\/\/api.w.org\/{rel}","templated":true}]}}