{"id":297,"date":"2022-03-07T15:27:54","date_gmt":"2022-03-07T14:27:54","guid":{"rendered":"https:\/\/compralocal.alaquas.org\/bonos2022\/?page_id=297"},"modified":"2024-09-16T13:24:30","modified_gmt":"2024-09-16T11:24:30","slug":"carrito","status":"publish","type":"page","link":"https:\/\/compralocal.alaquas.org\/bonos2022\/es\/carrito\/","title":{"rendered":"Carrito"},"content":{"rendered":"<h2><span style=\"color: #ef9c10;\">Condiciones de venta del BONO COMERCIO<\/span><\/h2>\n<h3>S\u00f3lo se podr\u00e1 adquirir <span style=\"color: #ff0000;\">un bono por n\u00famero de DNI\/NIE<\/span> y solo puede ser adquirido por personas que sean <span style=\"color: #ff0000;\">mayores de 18 a\u00f1os<\/span> en el momento de la compra (se comprobar\u00e1 la edad en el momento de la recogida).<\/h3>\n<h3>Al realizar la compra <span style=\"color: #ff0000;\">recibir\u00e1 un email de confirmaci\u00f3n con un n\u00famero de pedido: cons\u00e9rvelo<\/span>. Posteriormente, recibir\u00e1 un <span style=\"color: #ff0000;\">email confirm\u00e1ndole la fecha, la direcci\u00f3n y horario de recogida del BONO COMERCIO<\/span>.<\/h3>\n\n","protected":false},"excerpt":{"rendered":"","protected":false},"author":2,"featured_media":0,"parent":0,"menu_order":0,"comment_status":"closed","ping_status":"closed","template":"","meta":{"_et_pb_use_builder":"","_et_pb_old_content":"","_et_gb_content_width":"","footnotes":""},"class_list":["post-297","page","type-page","status-publish","hentry"],"_links":{"self":[{"href":"https:\/\/compralocal.alaquas.org\/bonos2022\/es\/wp-json\/wp\/v2\/pages\/297","targetHints":{"allow":["GET"]}}],"collection":[{"href":"https:\/\/compralocal.alaquas.org\/bonos2022\/es\/wp-json\/wp\/v2\/pages"}],"about":[{"href":"https:\/\/compralocal.alaquas.org\/bonos2022\/es\/wp-json\/wp\/v2\/types\/page"}],"author":[{"embeddable":true,"href":"https:\/\/compralocal.alaquas.org\/bonos2022\/es\/wp-json\/wp\/v2\/users\/2"}],"replies":[{"embeddable":true,"href":"https:\/\/compralocal.alaquas.org\/bonos2022\/es\/wp-json\/wp\/v2\/comments?post=297"}],"version-history":[{"count":4,"href":"https:\/\/compralocal.alaquas.org\/bonos2022\/es\/wp-json\/wp\/v2\/pages\/297\/revisions"}],"predecessor-version":[{"id":2464,"href":"https:\/\/compralocal.alaquas.org\/bonos2022\/es\/wp-json\/wp\/v2\/pages\/297\/revisions\/2464"}],"wp:attachment":[{"href":"https:\/\/compralocal.alaquas.org\/bonos2022\/es\/wp-json\/wp\/v2\/media?parent=297"}],"curies":[{"name":"wp","href":"https:\/\/api.w.org\/{rel}","templated":true}]}}