{"id":266,"date":"2022-03-03T14:41:41","date_gmt":"2022-03-03T13:41:41","guid":{"rendered":"https:\/\/compralocal.alaquas.org\/bonos2022\/?page_id=266"},"modified":"2022-03-03T14:44:29","modified_gmt":"2022-03-03T13:44:29","slug":"aviso-legal","status":"publish","type":"page","link":"https:\/\/compralocal.alaquas.org\/bonos2022\/es\/aviso-legal\/","title":{"rendered":"Aviso Legal"},"content":{"rendered":"<p>En cumplimiento de la Ley 34\/2002, de 11 de julio, de Servicios de la Sociedad de la Informaci\u00f3n y de Comercio Electr\u00f3nico, le informamos:<\/p>\n<ul>\n<li>El dominio <a href=\"https:\/\/compralocal.alaquas.org\/bonos2022\/es\/\">https:\/\/compralocal.alaquas.org\/bonos2022<\/a> es titularidad y est\u00e1 registrado a favor del Ayuntamiento de Alaqu\u00e1s, y se trata de un sitio web puesto a disposici\u00f3n de todo\/a usuario\/a con el objetivo de facilitar la compra de Bonos para favorecer el comercio local (si en la web no s\u00f3lo se gestionase la compra de los bonos sino que se ofreciese otro tipo de informaci\u00f3n sustituir \u00a0\u201cla compra de Bonos para favorecer el comercio local\u201c por \u201cinformaci\u00f3n general sobre el municipio as\u00ed como de los diferentes servicios y gestiones propias de la organizaci\u00f3n municipal\u201d.<\/li>\n<li>El Ayuntamiento de Alaqu\u00e0s, con CIF P4600500E, es una Administraci\u00f3n local domiciliada a los efectos de la presente informaci\u00f3n en la Calle Major, 88, 46970 Alaqu\u00e0s (Valencia). Otros datos de contacto que ponemos a su disposici\u00f3n:<br \/>\nTel\u00e9fono: +34 961519400<br \/>\nCorreo electr\u00f3nico:\u00a0<a href=\"mailto:info@alaquas.org\">info@alaquas.org<\/a><\/li>\n<\/ul>\n<p>&nbsp;<\/p>\n<p>&nbsp;<\/p>\n","protected":false},"excerpt":{"rendered":"<p>En cumplimiento de la Ley 34\/2002, de 11 de julio, de Servicios de la Sociedad de la Informaci\u00f3n y de Comercio Electr\u00f3nico, le informamos: El dominio https:\/\/compralocal.alaquas.org\/bonos2022 es titularidad y est\u00e1 registrado a favor del Ayuntamiento de Alaqu\u00e1s, y se trata de un sitio web puesto a disposici\u00f3n de todo\/a usuario\/a con el objetivo de [&hellip;]<\/p>\n","protected":false},"author":2,"featured_media":0,"parent":0,"menu_order":0,"comment_status":"closed","ping_status":"closed","template":"","meta":{"_et_pb_use_builder":"","_et_pb_old_content":"","_et_gb_content_width":"","footnotes":""},"class_list":["post-266","page","type-page","status-publish","hentry"],"_links":{"self":[{"href":"https:\/\/compralocal.alaquas.org\/bonos2022\/es\/wp-json\/wp\/v2\/pages\/266","targetHints":{"allow":["GET"]}}],"collection":[{"href":"https:\/\/compralocal.alaquas.org\/bonos2022\/es\/wp-json\/wp\/v2\/pages"}],"about":[{"href":"https:\/\/compralocal.alaquas.org\/bonos2022\/es\/wp-json\/wp\/v2\/types\/page"}],"author":[{"embeddable":true,"href":"https:\/\/compralocal.alaquas.org\/bonos2022\/es\/wp-json\/wp\/v2\/users\/2"}],"replies":[{"embeddable":true,"href":"https:\/\/compralocal.alaquas.org\/bonos2022\/es\/wp-json\/wp\/v2\/comments?post=266"}],"version-history":[{"count":2,"href":"https:\/\/compralocal.alaquas.org\/bonos2022\/es\/wp-json\/wp\/v2\/pages\/266\/revisions"}],"predecessor-version":[{"id":273,"href":"https:\/\/compralocal.alaquas.org\/bonos2022\/es\/wp-json\/wp\/v2\/pages\/266\/revisions\/273"}],"wp:attachment":[{"href":"https:\/\/compralocal.alaquas.org\/bonos2022\/es\/wp-json\/wp\/v2\/media?parent=266"}],"curies":[{"name":"wp","href":"https:\/\/api.w.org\/{rel}","templated":true}]}}