{"id":255,"date":"2022-03-03T11:37:51","date_gmt":"2022-03-03T10:37:51","guid":{"rendered":"https:\/\/compralocal.alaquas.org\/bonos2022\/?page_id=255"},"modified":"2023-08-07T14:17:00","modified_gmt":"2023-08-07T12:17:00","slug":"politica-de-privacidad","status":"publish","type":"page","link":"https:\/\/compralocal.alaquas.org\/bonos2022\/es\/politica-de-privacidad\/","title":{"rendered":"Pol\u00edtica de privacidad"},"content":{"rendered":"\r\n<h2 class=\"moz-forward-container wp-block-heading\">Responsable del tratamiento<\/h2>\r\n<div class=\"moz-forward-container\">El tratamiento de los datos personales facilitados por el usuario que pudieran recabarse para la compra de los bonos ser\u00e1n tratados por el Ayuntamiento de Alaqu\u00e0s, como responsable del tratamiento, siendo sus datos de contacto, C\/ Major, 88, 46970 Alaqu\u00e0s, Valencia y correo electr\u00f3nico <a href=\"mailto:dpd@alaquas.org\">dpd@alaquas.org<\/a>\u00a0<\/div>\r\n<div class=\"moz-forward-container\">\u00a0<\/div>\r\n<div>\u00a0<\/div>\r\n<h2 class=\"moz-forward-container\">Finalidad y legitimaci\u00f3n<\/h2>\r\n<div class=\"moz-forward-container\">La finalidad del tratamiento de los datos personales ser\u00e1 la gesti\u00f3n del procedimiento de compra y adquisici\u00f3n de los bonos, por lo que la legitimaci\u00f3n del tratamiento de los mismos se funda en que resultan necesarios para la ejecuci\u00f3n del contrato.<br \/><br \/><\/div>\r\n<div>\u00a0<\/div>\r\n<h2 class=\"moz-forward-container\">Periodo de conservaci\u00f3n<\/h2>\r\n<div class=\"moz-forward-container\">Los datos personales ser\u00e1n conservados mientras siga vigente la campa\u00f1a de colaboraci\u00f3n con los comercios adscritos a la misma, y una vez haya finalizado \u00e9sta mientras no prescriban las acciones legales derivadas de la referida campa\u00f1a o del propio tratamiento de los datos.<br \/><br \/><\/div>\r\n<div>\u00a0<\/div>\r\n<h2 class=\"moz-forward-container\">Destinatarios<\/h2>\r\n<div class=\"moz-forward-container\">No est\u00e1 prevista la comunicaci\u00f3n de sus datos personales a terceros, salvo en el caso de que fuera necesario para el desarrollo y ejecuci\u00f3n de las finalidades del tratamiento, o cuando resultase necesario para el cumplimiento de una obligaci\u00f3n legal aplicable al responsable del tratamiento. Los datos personales no ser\u00e1n objeto de transferencias internacionales.<br \/><br \/><\/div>\r\n<div>\u00a0<\/div>\r\n<h2 class=\"moz-forward-container\">Ejercicio de derechos<\/h2>\r\n<div class=\"moz-forward-container\">Las personas interesadas en este tratamiento pueden ejercer sus derechos de acceso, rectificaci\u00f3n, supresi\u00f3n, y portabilidad de sus datos, limitaci\u00f3n y oposici\u00f3n. A estos efectos, deber\u00e1 presentar un escrito en el Registro de Entrada, electr\u00f3nico o presencial, del Ayuntamiento. En el escrito deber\u00e1 especificar cu\u00e1l de estos derechos solicita sea satisfecho y, a su vez, deber\u00e1 mostrar o, en caso de env\u00edo postal, acompa\u00f1arlo con la fotocopia del DNI o documento identificativo equivalente. En caso de que actuara mediante representante, legal o voluntario, deber\u00e1 aportar tambi\u00e9n documento que acredite la representaci\u00f3n y documento identificativo del mismo. <br \/>Datos de contracto del Delegado de Protecci\u00f3n de Datos: podr\u00e1 contactar con el Delegado de Protecci\u00f3n de Datos del Ayuntamiento de Alaqu\u00e0s para cualquier cuesti\u00f3n relacionada con el tratamiento de sus datos a trav\u00e9s de la direcci\u00f3n de correo electr\u00f3nico <a class=\"moz-txt-link-abbreviated\r\n          moz-txt-link-freetext\" href=\"mailto:dpd@informaconsulting.com\">dpd@informaconsulting.com<\/a><br \/><br \/>Reclamaci\u00f3n ante la Agencia Espa\u00f1ola de Protecci\u00f3n de Datos: Si las personas interesadas entienden que se han visto perjudicadas por el tratamiento o en el ejercicio de sus derechos, pueden presentar una reclamaci\u00f3n ante la Agencia Espa\u00f1ola de Protecci\u00f3n de Datos a trav\u00e9s de la sede electr\u00f3nica accesible en la p\u00e1gina web <a class=\"moz-txt-link-freetext\" href=\"https:\/\/www.aepd.es\/\">https:\/\/www.aepd.es\/<\/a><\/div>\r\n<div>\u00a0<\/div>\r\n<div>\u00a0<\/div>\r\n","protected":false},"excerpt":{"rendered":"<p>Responsable del tratamiento El tratamiento de los datos personales facilitados por el usuario que pudieran recabarse para la compra de los bonos ser\u00e1n tratados por el Ayuntamiento de Alaqu\u00e0s, como responsable del tratamiento, siendo sus datos de contacto, C\/ Major, 88, 46970 Alaqu\u00e0s, Valencia y correo electr\u00f3nico dpd@alaquas.org\u00a0 \u00a0 \u00a0 Finalidad y legitimaci\u00f3n La finalidad [&hellip;]<\/p>\n","protected":false},"author":2,"featured_media":0,"parent":0,"menu_order":0,"comment_status":"closed","ping_status":"closed","template":"","meta":{"_et_pb_use_builder":"","_et_pb_old_content":"","_et_gb_content_width":"","footnotes":""},"class_list":["post-255","page","type-page","status-publish","hentry"],"_links":{"self":[{"href":"https:\/\/compralocal.alaquas.org\/bonos2022\/es\/wp-json\/wp\/v2\/pages\/255","targetHints":{"allow":["GET"]}}],"collection":[{"href":"https:\/\/compralocal.alaquas.org\/bonos2022\/es\/wp-json\/wp\/v2\/pages"}],"about":[{"href":"https:\/\/compralocal.alaquas.org\/bonos2022\/es\/wp-json\/wp\/v2\/types\/page"}],"author":[{"embeddable":true,"href":"https:\/\/compralocal.alaquas.org\/bonos2022\/es\/wp-json\/wp\/v2\/users\/2"}],"replies":[{"embeddable":true,"href":"https:\/\/compralocal.alaquas.org\/bonos2022\/es\/wp-json\/wp\/v2\/comments?post=255"}],"version-history":[{"count":4,"href":"https:\/\/compralocal.alaquas.org\/bonos2022\/es\/wp-json\/wp\/v2\/pages\/255\/revisions"}],"predecessor-version":[{"id":2301,"href":"https:\/\/compralocal.alaquas.org\/bonos2022\/es\/wp-json\/wp\/v2\/pages\/255\/revisions\/2301"}],"wp:attachment":[{"href":"https:\/\/compralocal.alaquas.org\/bonos2022\/es\/wp-json\/wp\/v2\/media?parent=255"}],"curies":[{"name":"wp","href":"https:\/\/api.w.org\/{rel}","templated":true}]}}